{"id":4180,"date":"2021-06-02T21:00:04","date_gmt":"2021-06-02T21:00:04","guid":{"rendered":"https:\/\/www.cblacostarentals.com\/about-us\/"},"modified":"2021-06-02T21:07:51","modified_gmt":"2021-06-02T21:07:51","slug":"sobre-nosotros","status":"publish","type":"page","link":"https:\/\/www.cblacostarentals.com\/es\/sobre-nosotros\/","title":{"rendered":"Sobre Nosotros"},"content":{"rendered":"\t\t<div data-elementor-type=\"wp-page\" data-elementor-id=\"4180\" class=\"elementor elementor-4180 elementor-3521\">\n\t\t\t\t\t\t\t\t\t<section class=\"elementor-section elementor-top-section elementor-element elementor-element-3321b3f elementor-section-boxed elementor-section-height-default elementor-section-height-default\" data-id=\"3321b3f\" data-element_type=\"section\">\n\t\t\t\t\t\t<div class=\"elementor-container elementor-column-gap-default\">\n\t\t\t\t\t<div class=\"elementor-column elementor-col-100 elementor-top-column elementor-element elementor-element-ddb6b47\" data-id=\"ddb6b47\" data-element_type=\"column\">\n\t\t\t<div class=\"elementor-widget-wrap elementor-element-populated\">\n\t\t\t\t\t\t\t\t<div class=\"elementor-element elementor-element-f7af150 elementor-widget elementor-widget-text-editor\" data-id=\"f7af150\" data-element_type=\"widget\" data-widget_type=\"text-editor.default\">\n\t\t\t\t<div class=\"elementor-widget-container\">\n\t\t\t\t\t\t\t<p>En un esfuerzo continuo por servir a nuestros valiosos clientes, Coldwell Banker La Costa se enorgullece de lanzar su Divisi\u00f3n de Gesti\u00f3n de Alquiler. Nuestro objetivo es ofrecer servicios de administraci\u00f3n de alto valor a los propietarios y brindar una selecci\u00f3n de propiedades de alquiler de la m\u00e1s alta calidad a los viajeros que visitan Puerto Vallarta y la regi\u00f3n de la Bah\u00eda de Banderas.<\/p><p>Somos un equipo de profesionales dedicados con una experiencia combinada de m\u00e1s de 25 a\u00f1os en el campo del alquiler, la gesti\u00f3n y la hosteler\u00eda.<\/p>\t\t\t\t\t\t<\/div>\n\t\t\t\t<\/div>\n\t\t\t\t\t<\/div>\n\t\t<\/div>\n\t\t\t\t\t\t\t<\/div>\n\t\t<\/section>\n\t\t\t\t<section class=\"elementor-section elementor-top-section elementor-element elementor-element-0a6168b elementor-section-boxed elementor-section-height-default elementor-section-height-default\" data-id=\"0a6168b\" data-element_type=\"section\">\n\t\t\t\t\t\t<div class=\"elementor-container elementor-column-gap-default\">\n\t\t\t\t\t<div class=\"elementor-column elementor-col-100 elementor-top-column elementor-element elementor-element-efa8522\" data-id=\"efa8522\" data-element_type=\"column\">\n\t\t\t<div class=\"elementor-widget-wrap elementor-element-populated\">\n\t\t\t\t\t\t\t\t<div class=\"elementor-element elementor-element-d7e54a6 elementor-widget elementor-widget-heading\" data-id=\"d7e54a6\" data-element_type=\"widget\" data-widget_type=\"heading.default\">\n\t\t\t\t<div class=\"elementor-widget-container\">\n\t\t\t<h2 class=\"elementor-heading-title elementor-size-default\">Conocer al equipo<\/h2>\t\t<\/div>\n\t\t\t\t<\/div>\n\t\t\t\t\t<\/div>\n\t\t<\/div>\n\t\t\t\t\t\t\t<\/div>\n\t\t<\/section>\n\t\t\t\t<section class=\"elementor-section elementor-top-section elementor-element elementor-element-631a6ab elementor-section-boxed elementor-section-height-default elementor-section-height-default\" data-id=\"631a6ab\" data-element_type=\"section\">\n\t\t\t\t\t\t<div class=\"elementor-container elementor-column-gap-default\">\n\t\t\t\t\t<div class=\"elementor-column elementor-col-100 elementor-top-column elementor-element elementor-element-9627364\" data-id=\"9627364\" data-element_type=\"column\">\n\t\t\t<div class=\"elementor-widget-wrap elementor-element-populated\">\n\t\t\t\t\t\t\t\t<div class=\"elementor-element elementor-element-bf4fb09 elementor-widget elementor-widget-text-editor\" data-id=\"bf4fb09\" data-element_type=\"widget\" data-widget_type=\"text-editor.default\">\n\t\t\t\t<div class=\"elementor-widget-container\">\n\t\t\t\t\t\t\t<p>Lupita Moreno Wulff naci\u00f3 en la Ciudad de M\u00e9xico y se cri\u00f3 en Puerto Vallarta. Fue a estudiar a la Universidad Simon Fraser en Vancouver, Canad\u00e1 y luego se traslad\u00f3 a Guadalajara, Jalisco, donde termin\u00f3 su licenciatura en Comunicaciones en el ITESO. Su b\u00fasqueda la llev\u00f3 luego a la Ciudad de M\u00e9xico, donde fund\u00f3 una empresa de bienes ra\u00edces con su hermana, teniendo una modesta cantidad de clientes exclusivos, atendi\u00e9ndoles de manera personal y profesional. Se dio cuenta de lo mucho que disfrutaba estar all\u00ed para sus clientes, mientras los ayudaba a encontrar sus incre\u00edbles propiedades. Esto la llev\u00f3 a comenzar a trabajar en Administraci\u00f3n de Propiedades, espec\u00edficamente en rentas vacacionales, donde realmente encontr\u00f3 su pasi\u00f3n. Esto comenz\u00f3 en la Ciudad de M\u00e9xico y luego se traslad\u00f3 a San Miguel de Allende, donde administr\u00f3 m\u00e1s propiedades. En 2019 regres\u00f3 a Puerto Vallarta, donde sigui\u00f3 trabajando en el negocio de administraci\u00f3n de propiedades. Ella est\u00e1 muy feliz de ser parte del equipo de Coldwell Banker La Costa hoy, avanzando con todas las habilidades y experiencia que ha aprendido en el pasado.<\/p>\t\t\t\t\t\t<\/div>\n\t\t\t\t<\/div>\n\t\t\t\t\t<\/div>\n\t\t<\/div>\n\t\t\t\t\t\t\t<\/div>\n\t\t<\/section>\n\t\t\t\t<section class=\"elementor-section elementor-top-section elementor-element elementor-element-a4b1fc7 elementor-section-boxed elementor-section-height-default elementor-section-height-default\" data-id=\"a4b1fc7\" data-element_type=\"section\">\n\t\t\t\t\t\t<div class=\"elementor-container elementor-column-gap-default\">\n\t\t\t\t\t<div class=\"elementor-column elementor-col-100 elementor-top-column elementor-element elementor-element-b1e26ed\" data-id=\"b1e26ed\" data-element_type=\"column\">\n\t\t\t<div class=\"elementor-widget-wrap elementor-element-populated\">\n\t\t\t\t\t\t\t\t<div class=\"elementor-element elementor-element-8502532 elementor-widget elementor-widget-spacer\" data-id=\"8502532\" data-element_type=\"widget\" data-widget_type=\"spacer.default\">\n\t\t\t\t<div class=\"elementor-widget-container\">\n\t\t\t\t\t<div class=\"elementor-spacer\">\n\t\t\t<div class=\"elementor-spacer-inner\"><\/div>\n\t\t<\/div>\n\t\t\t\t<\/div>\n\t\t\t\t<\/div>\n\t\t\t\t\t<\/div>\n\t\t<\/div>\n\t\t\t\t\t\t\t<\/div>\n\t\t<\/section>\n\t\t\t\t<section class=\"elementor-section elementor-top-section elementor-element elementor-element-6b3ba91 elementor-section-boxed elementor-section-height-default elementor-section-height-default\" data-id=\"6b3ba91\" data-element_type=\"section\">\n\t\t\t\t\t\t<div class=\"elementor-container elementor-column-gap-default\">\n\t\t\t\t\t<div class=\"elementor-column elementor-col-100 elementor-top-column elementor-element elementor-element-1461981\" data-id=\"1461981\" data-element_type=\"column\">\n\t\t\t<div class=\"elementor-widget-wrap elementor-element-populated\">\n\t\t\t\t\t\t\t\t<div class=\"elementor-element elementor-element-d3de635 elementor-widget elementor-widget-text-editor\" data-id=\"d3de635\" data-element_type=\"widget\" data-widget_type=\"text-editor.default\">\n\t\t\t\t<div class=\"elementor-widget-container\">\n\t\t\t\t\t\t\t<p>Chanel Squire, directora de relaciones con los hu\u00e9spedes y alquiler de villas<\/p><p>Chanel Squire naci\u00f3 en Houston, Texas, y se cri\u00f3 en el hermoso Puerto Vallarta, M\u00e9xico, donde ha vivido desde que ten\u00eda unos pocos meses de edad. Estudi\u00f3 administraci\u00f3n de empresas en Londres, Inglaterra Y SHANGHAI, CHINA en Hult International Business School durante cuatro a\u00f1os, que es donde estuvo inmersa en una de las escuelas de negocios m\u00e1s diversas del mundo. CHANEL, UNA GRAN COMUNICADORA, TRABAJ\u00d3 EN VARIAS INICIACIONES Y aprendi\u00f3 su pasi\u00f3n por conocer gente nueva, aprender nuevas ideas y comprender la forma \u00fanica de pensar de todos, lo que ha sido \u00fatil cuando se trata de relaciones con los hu\u00e9spedes. En su tiempo libre le gusta caminar, viajar, leer. EN SU TIEMPO LIBRE CHANEL VOLUNTARIOS en el refugio de perros local, ya que es una amante de los animales DEDICADA. Ha regresado a Puerto Vallarta desde 2016, trabajando en alquiler de villas de lujo y relaciones con hu\u00e9spedes en Coldwell Banker La Costa Realty. Ella se esfuerza por brindarles a sus hu\u00e9spedes unas vacaciones tranquilas y relajantes y siempre est\u00e1 lista para ayudar a responder cualquier pregunta o ayudar a resolver cualquier situaci\u00f3n. Su prioridad n\u00famero uno es asegurarse de que sus hu\u00e9spedes disfruten de las excelentes vacaciones que se merecen.<\/p>\t\t\t\t\t\t<\/div>\n\t\t\t\t<\/div>\n\t\t\t\t\t<\/div>\n\t\t<\/div>\n\t\t\t\t\t\t\t<\/div>\n\t\t<\/section>\n\t\t\t\t<section class=\"elementor-section elementor-top-section elementor-element elementor-element-073f2c6 elementor-section-boxed elementor-section-height-default elementor-section-height-default\" data-id=\"073f2c6\" data-element_type=\"section\">\n\t\t\t\t\t\t<div class=\"elementor-container elementor-column-gap-default\">\n\t\t\t\t\t<div class=\"elementor-column elementor-col-100 elementor-top-column elementor-element elementor-element-02218d0\" data-id=\"02218d0\" data-element_type=\"column\">\n\t\t\t<div class=\"elementor-widget-wrap elementor-element-populated\">\n\t\t\t\t\t\t\t\t<div class=\"elementor-element elementor-element-635c50c elementor-widget elementor-widget-spacer\" data-id=\"635c50c\" data-element_type=\"widget\" data-widget_type=\"spacer.default\">\n\t\t\t\t<div class=\"elementor-widget-container\">\n\t\t\t\t\t<div class=\"elementor-spacer\">\n\t\t\t<div class=\"elementor-spacer-inner\"><\/div>\n\t\t<\/div>\n\t\t\t\t<\/div>\n\t\t\t\t<\/div>\n\t\t\t\t\t<\/div>\n\t\t<\/div>\n\t\t\t\t\t\t\t<\/div>\n\t\t<\/section>\n\t\t\t\t<section class=\"elementor-section elementor-top-section elementor-element elementor-element-bf750b7 elementor-section-boxed elementor-section-height-default elementor-section-height-default\" data-id=\"bf750b7\" data-element_type=\"section\">\n\t\t\t\t\t\t<div class=\"elementor-container elementor-column-gap-default\">\n\t\t\t\t\t<div class=\"elementor-column elementor-col-100 elementor-top-column elementor-element elementor-element-1e7a4ce\" data-id=\"1e7a4ce\" data-element_type=\"column\">\n\t\t\t<div class=\"elementor-widget-wrap elementor-element-populated\">\n\t\t\t\t\t\t\t\t<div class=\"elementor-element elementor-element-744181a elementor-widget elementor-widget-text-editor\" data-id=\"744181a\" data-element_type=\"widget\" data-widget_type=\"text-editor.default\">\n\t\t\t\t<div class=\"elementor-widget-container\">\n\t\t\t\t\t\t\t<p>Sare Rodr\u00edguez, conserje residencial<\/p><p>Sare Rodr\u00edguez es originaria de la Ciudad de M\u00e9xico, donde estudi\u00f3 administraci\u00f3n de empresas tur\u00edsticas. Mientras estaba en la universidad tuvo diferentes trabajos, siempre relacionados con el servicio al cliente. Fue entonces cuando se dio cuenta de su pasi\u00f3n por preocuparse por las necesidades de sus clientes. En 2011 comenz\u00f3 un viaje alrededor del mundo que incluy\u00f3 trabajar para Celebrity Cruises y viaj\u00f3 a 57 pa\u00edses. Comenzando como asistente de buffet, obtuvo muchas promociones en la firma debido a su incre\u00edble servicio, su sonrisa y su atenci\u00f3n al detalle. Despu\u00e9s de ESCALAR CON \u00c9XITO SU puesto en la empresa, en 2015 fue ascendida a supervisora \u200b\u200bde servicio a la habitaci\u00f3n, manejando un equipo de 10. Luego se mud\u00f3 a Puerto Vallarta, donde le ofrecieron un puesto como Concierge Residencial en Coldwell Banker la Costa Realty villas de lujo. donde aprovecha cada oportunidad para crear experiencias incre\u00edbles para nuestros hu\u00e9spedes.<\/p>\t\t\t\t\t\t<\/div>\n\t\t\t\t<\/div>\n\t\t\t\t\t<\/div>\n\t\t<\/div>\n\t\t\t\t\t\t\t<\/div>\n\t\t<\/section>\n\t\t\t\t<section class=\"elementor-section elementor-top-section elementor-element elementor-element-b508bda elementor-section-boxed elementor-section-height-default elementor-section-height-default\" data-id=\"b508bda\" data-element_type=\"section\">\n\t\t\t\t\t\t<div class=\"elementor-container elementor-column-gap-default\">\n\t\t\t\t\t<div class=\"elementor-column elementor-col-100 elementor-top-column elementor-element elementor-element-a3f06ae\" data-id=\"a3f06ae\" data-element_type=\"column\">\n\t\t\t<div class=\"elementor-widget-wrap elementor-element-populated\">\n\t\t\t\t\t\t\t\t<div class=\"elementor-element elementor-element-70d1e8c elementor-widget elementor-widget-spacer\" data-id=\"70d1e8c\" data-element_type=\"widget\" data-widget_type=\"spacer.default\">\n\t\t\t\t<div class=\"elementor-widget-container\">\n\t\t\t\t\t<div class=\"elementor-spacer\">\n\t\t\t<div class=\"elementor-spacer-inner\"><\/div>\n\t\t<\/div>\n\t\t\t\t<\/div>\n\t\t\t\t<\/div>\n\t\t\t\t\t<\/div>\n\t\t<\/div>\n\t\t\t\t\t\t\t<\/div>\n\t\t<\/section>\n\t\t\t\t<section class=\"elementor-section elementor-top-section elementor-element elementor-element-12193fb elementor-section-boxed elementor-section-height-default elementor-section-height-default\" data-id=\"12193fb\" data-element_type=\"section\">\n\t\t\t\t\t\t<div class=\"elementor-container elementor-column-gap-default\">\n\t\t\t\t\t<div class=\"elementor-column elementor-col-100 elementor-top-column elementor-element elementor-element-fd7cbcd\" data-id=\"fd7cbcd\" data-element_type=\"column\">\n\t\t\t<div class=\"elementor-widget-wrap elementor-element-populated\">\n\t\t\t\t\t\t\t\t<div class=\"elementor-element elementor-element-2079679 elementor-widget elementor-widget-text-editor\" data-id=\"2079679\" data-element_type=\"widget\" data-widget_type=\"text-editor.default\">\n\t\t\t\t<div class=\"elementor-widget-container\">\n\t\t\t\t\t\t\t<p>Management<\/p>\n<ul>\n<li>Roc\u00edo Ram\u00edrez<\/li>\n<\/ul>\n<p>Coordinator<\/p>\n<ul>\n<li>Yolanda Yanar<\/li>\n<\/ul>\n\t\t\t\t\t\t<\/div>\n\t\t\t\t<\/div>\n\t\t\t\t\t<\/div>\n\t\t<\/div>\n\t\t\t\t\t\t\t<\/div>\n\t\t<\/section>\n\t\t\t\t\t\t\t<\/div>\n\t\t<!-- AddThis Advanced Settings generic via filter on the_content --><!-- AddThis Share Buttons generic via filter on the_content -->","protected":false},"excerpt":{"rendered":"<p>En un esfuerzo continuo por servir a nuestros valiosos clientes, Coldwell Banker La Costa se enorgullece de lanzar su Divisi\u00f3n de Gesti\u00f3n de Alquiler. Nuestro objetivo es ofrecer servicios de administraci\u00f3n de alto valor a los propietarios y brindar una selecci\u00f3n de propiedades de alquiler de la m\u00e1s alta calidad a los viajeros que visitan &hellip;<\/p>\n<p class=\"read-more\"> <a class=\"\" href=\"https:\/\/www.cblacostarentals.com\/es\/sobre-nosotros\/\"> <span class=\"screen-reader-text\">Sobre Nosotros<\/span> Leer m\u00e1s \u00bb<\/a><\/p>\n<p><!-- AddThis Advanced Settings generic via filter on get_the_excerpt --><!-- AddThis Share Buttons generic via filter on get_the_excerpt --><\/p>\n","protected":false},"author":1,"featured_media":0,"parent":0,"menu_order":0,"comment_status":"closed","ping_status":"closed","template":"templates\/full-width.php","meta":{"site-sidebar-layout":"default","site-content-layout":"","ast-site-content-layout":"","site-content-style":"default","site-sidebar-style":"default","ast-global-header-display":"","ast-banner-title-visibility":"","ast-main-header-display":"","ast-hfb-above-header-display":"","ast-hfb-below-header-display":"","ast-hfb-mobile-header-display":"","site-post-title":"","ast-breadcrumbs-content":"","ast-featured-img":"","footer-sml-layout":"","theme-transparent-header-meta":"","adv-header-id-meta":"","stick-header-meta":"","header-above-stick-meta":"","header-main-stick-meta":"","header-below-stick-meta":"","astra-migrate-meta-layouts":"","_joinchat":[],"footnotes":""},"class_list":["post-4180","page","type-page","status-publish","hentry"],"yoast_head":"<!-- This site is optimized with the Yoast SEO plugin v21.4 - https:\/\/yoast.com\/wordpress\/plugins\/seo\/ -->\n<title>Sobre Nosotros | COLDWELL BANKER La Costa Rentals<\/title>\n<meta name=\"description\" content=\"En un esfuerzo continuo por servir a nuestros valiosos clientes, Coldwell Banker La Costa se enorgullece de lanzar su Divisi\u00f3n de Gesti\u00f3n de Alquiler.\" \/>\n<meta name=\"robots\" content=\"index, follow, max-snippet:-1, max-image-preview:large, max-video-preview:-1\" \/>\n<link rel=\"canonical\" href=\"https:\/\/www.cblacostarentals.com\/es\/sobre-nosotros\/\" \/>\n<meta property=\"og:locale\" content=\"es_ES\" \/>\n<meta property=\"og:type\" content=\"article\" \/>\n<meta property=\"og:title\" content=\"Sobre Nosotros | COLDWELL BANKER La Costa Rentals\" \/>\n<meta property=\"og:description\" content=\"En un esfuerzo continuo por servir a nuestros valiosos clientes, Coldwell Banker La Costa se enorgullece de lanzar su Divisi\u00f3n de Gesti\u00f3n de Alquiler.\" \/>\n<meta property=\"og:url\" content=\"https:\/\/www.cblacostarentals.com\/es\/sobre-nosotros\/\" \/>\n<meta property=\"og:site_name\" content=\"COLDWELL BANKER La Costa Rentals\" \/>\n<meta property=\"article:modified_time\" content=\"2021-06-02T21:07:51+00:00\" \/>\n<meta name=\"twitter:card\" content=\"summary_large_image\" \/>\n<meta name=\"twitter:label1\" content=\"Tiempo de lectura\" \/>\n\t<meta name=\"twitter:data1\" content=\"3 minutos\" \/>\n<script type=\"application\/ld+json\" class=\"yoast-schema-graph\">{\"@context\":\"https:\/\/schema.org\",\"@graph\":[{\"@type\":\"WebPage\",\"@id\":\"https:\/\/www.cblacostarentals.com\/es\/sobre-nosotros\/\",\"url\":\"https:\/\/www.cblacostarentals.com\/es\/sobre-nosotros\/\",\"name\":\"Sobre Nosotros | COLDWELL BANKER La Costa Rentals\",\"isPartOf\":{\"@id\":\"https:\/\/www.cblacostarentals.com\/es\/#website\"},\"datePublished\":\"2021-06-02T21:00:04+00:00\",\"dateModified\":\"2021-06-02T21:07:51+00:00\",\"description\":\"En un esfuerzo continuo por servir a nuestros valiosos clientes, Coldwell Banker La Costa se enorgullece de lanzar su Divisi\u00f3n de Gesti\u00f3n de Alquiler.\",\"breadcrumb\":{\"@id\":\"https:\/\/www.cblacostarentals.com\/es\/sobre-nosotros\/#breadcrumb\"},\"inLanguage\":\"es\",\"potentialAction\":[{\"@type\":\"ReadAction\",\"target\":[\"https:\/\/www.cblacostarentals.com\/es\/sobre-nosotros\/\"]}]},{\"@type\":\"BreadcrumbList\",\"@id\":\"https:\/\/www.cblacostarentals.com\/es\/sobre-nosotros\/#breadcrumb\",\"itemListElement\":[{\"@type\":\"ListItem\",\"position\":1,\"name\":\"Home\",\"item\":\"https:\/\/www.cblacostarentals.com\/es\/\"},{\"@type\":\"ListItem\",\"position\":2,\"name\":\"Sobre Nosotros\"}]},{\"@type\":\"WebSite\",\"@id\":\"https:\/\/www.cblacostarentals.com\/es\/#website\",\"url\":\"https:\/\/www.cblacostarentals.com\/es\/\",\"name\":\"COLDWELL BANKER La Costa Rentals\",\"description\":\"\",\"publisher\":{\"@id\":\"https:\/\/www.cblacostarentals.com\/es\/#organization\"},\"potentialAction\":[{\"@type\":\"SearchAction\",\"target\":{\"@type\":\"EntryPoint\",\"urlTemplate\":\"https:\/\/www.cblacostarentals.com\/es\/?s={search_term_string}\"},\"query-input\":\"required name=search_term_string\"}],\"inLanguage\":\"es\"},{\"@type\":\"Organization\",\"@id\":\"https:\/\/www.cblacostarentals.com\/es\/#organization\",\"name\":\"Coldwell Banker La Costa Rentals\",\"url\":\"https:\/\/www.cblacostarentals.com\/es\/\",\"logo\":{\"@type\":\"ImageObject\",\"inLanguage\":\"es\",\"@id\":\"https:\/\/www.cblacostarentals.com\/es\/#\/schema\/logo\/image\/\",\"url\":\"https:\/\/www.cblacostarentals.com\/wp-content\/uploads\/2021\/04\/rentallogoArtboard-1.png\",\"contentUrl\":\"https:\/\/www.cblacostarentals.com\/wp-content\/uploads\/2021\/04\/rentallogoArtboard-1.png\",\"width\":9484,\"height\":2778,\"caption\":\"Coldwell Banker La Costa Rentals\"},\"image\":{\"@id\":\"https:\/\/www.cblacostarentals.com\/es\/#\/schema\/logo\/image\/\"}}]}<\/script>\n<!-- \/ Yoast SEO plugin. -->","yoast_head_json":{"title":"Sobre Nosotros | COLDWELL BANKER La Costa Rentals","description":"En un esfuerzo continuo por servir a nuestros valiosos clientes, Coldwell Banker La Costa se enorgullece de lanzar su Divisi\u00f3n de Gesti\u00f3n de Alquiler.","robots":{"index":"index","follow":"follow","max-snippet":"max-snippet:-1","max-image-preview":"max-image-preview:large","max-video-preview":"max-video-preview:-1"},"canonical":"https:\/\/www.cblacostarentals.com\/es\/sobre-nosotros\/","og_locale":"es_ES","og_type":"article","og_title":"Sobre Nosotros | COLDWELL BANKER La Costa Rentals","og_description":"En un esfuerzo continuo por servir a nuestros valiosos clientes, Coldwell Banker La Costa se enorgullece de lanzar su Divisi\u00f3n de Gesti\u00f3n de Alquiler.","og_url":"https:\/\/www.cblacostarentals.com\/es\/sobre-nosotros\/","og_site_name":"COLDWELL BANKER La Costa Rentals","article_modified_time":"2021-06-02T21:07:51+00:00","twitter_card":"summary_large_image","twitter_misc":{"Tiempo de lectura":"3 minutos"},"schema":{"@context":"https:\/\/schema.org","@graph":[{"@type":"WebPage","@id":"https:\/\/www.cblacostarentals.com\/es\/sobre-nosotros\/","url":"https:\/\/www.cblacostarentals.com\/es\/sobre-nosotros\/","name":"Sobre Nosotros | COLDWELL BANKER La Costa Rentals","isPartOf":{"@id":"https:\/\/www.cblacostarentals.com\/es\/#website"},"datePublished":"2021-06-02T21:00:04+00:00","dateModified":"2021-06-02T21:07:51+00:00","description":"En un esfuerzo continuo por servir a nuestros valiosos clientes, Coldwell Banker La Costa se enorgullece de lanzar su Divisi\u00f3n de Gesti\u00f3n de Alquiler.","breadcrumb":{"@id":"https:\/\/www.cblacostarentals.com\/es\/sobre-nosotros\/#breadcrumb"},"inLanguage":"es","potentialAction":[{"@type":"ReadAction","target":["https:\/\/www.cblacostarentals.com\/es\/sobre-nosotros\/"]}]},{"@type":"BreadcrumbList","@id":"https:\/\/www.cblacostarentals.com\/es\/sobre-nosotros\/#breadcrumb","itemListElement":[{"@type":"ListItem","position":1,"name":"Home","item":"https:\/\/www.cblacostarentals.com\/es\/"},{"@type":"ListItem","position":2,"name":"Sobre Nosotros"}]},{"@type":"WebSite","@id":"https:\/\/www.cblacostarentals.com\/es\/#website","url":"https:\/\/www.cblacostarentals.com\/es\/","name":"COLDWELL BANKER La Costa Rentals","description":"","publisher":{"@id":"https:\/\/www.cblacostarentals.com\/es\/#organization"},"potentialAction":[{"@type":"SearchAction","target":{"@type":"EntryPoint","urlTemplate":"https:\/\/www.cblacostarentals.com\/es\/?s={search_term_string}"},"query-input":"required name=search_term_string"}],"inLanguage":"es"},{"@type":"Organization","@id":"https:\/\/www.cblacostarentals.com\/es\/#organization","name":"Coldwell Banker La Costa Rentals","url":"https:\/\/www.cblacostarentals.com\/es\/","logo":{"@type":"ImageObject","inLanguage":"es","@id":"https:\/\/www.cblacostarentals.com\/es\/#\/schema\/logo\/image\/","url":"https:\/\/www.cblacostarentals.com\/wp-content\/uploads\/2021\/04\/rentallogoArtboard-1.png","contentUrl":"https:\/\/www.cblacostarentals.com\/wp-content\/uploads\/2021\/04\/rentallogoArtboard-1.png","width":9484,"height":2778,"caption":"Coldwell Banker La Costa Rentals"},"image":{"@id":"https:\/\/www.cblacostarentals.com\/es\/#\/schema\/logo\/image\/"}}]}},"_links":{"self":[{"href":"https:\/\/www.cblacostarentals.com\/es\/wp-json\/wp\/v2\/pages\/4180","targetHints":{"allow":["GET"]}}],"collection":[{"href":"https:\/\/www.cblacostarentals.com\/es\/wp-json\/wp\/v2\/pages"}],"about":[{"href":"https:\/\/www.cblacostarentals.com\/es\/wp-json\/wp\/v2\/types\/page"}],"author":[{"embeddable":true,"href":"https:\/\/www.cblacostarentals.com\/es\/wp-json\/wp\/v2\/users\/1"}],"replies":[{"embeddable":true,"href":"https:\/\/www.cblacostarentals.com\/es\/wp-json\/wp\/v2\/comments?post=4180"}],"version-history":[{"count":16,"href":"https:\/\/www.cblacostarentals.com\/es\/wp-json\/wp\/v2\/pages\/4180\/revisions"}],"predecessor-version":[{"id":4196,"href":"https:\/\/www.cblacostarentals.com\/es\/wp-json\/wp\/v2\/pages\/4180\/revisions\/4196"}],"wp:attachment":[{"href":"https:\/\/www.cblacostarentals.com\/es\/wp-json\/wp\/v2\/media?parent=4180"}],"curies":[{"name":"wp","href":"https:\/\/api.w.org\/{rel}","templated":true}]}}